{"id":167559,"date":"2024-01-23T11:12:42","date_gmt":"2024-01-23T03:12:42","guid":{"rendered":"https:\/\/www.curtin.edu.au\/study\/are-you-ready-to-make-a-difference\/vietnam\/"},"modified":"2024-01-25T15:22:01","modified_gmt":"2024-01-25T07:22:01","slug":"vn","status":"publish","type":"page","link":"https:\/\/www.curtin.edu.au\/study\/are-you-ready-to-make-a-difference\/vn\/","title":{"rendered":"B\u1ea1n \u0111\u00e3 s\u1eb5n s\u00e0ng \u0111\u1ec3 t\u1ea1o n\u00ean s\u1ef1 kh\u00e1c bi\u1ec7t? C\u01a1 h\u1ed9i trong tay b\u1ea1n."},"content":{"rendered":"    <mimas-block \n        block-name=\"articles\"\n        role=\"complementary\"\n        aria-label=\"articles content\"\n        data-segment=\"all\"\n        data-bg=\"gray\">\n\n        \n\n                    <div class=\"article\">\n                                                                \n                <img decoding=\"async\" src=\"https:\/\/www.curtin.edu.au\/study\/wp-content\/uploads\/sites\/3\/2023\/11\/INTLG-UG-innovation-forward-thinking-1100x1000-1-150x150.jpg\"\n                     alt=\"C\u1ea3m \u01a1n b\u1ea1n \u0111\u00e3 \u0111\u0103ng k\u00fd quan t\u00e2m \u0111\u1ebfn vi\u1ec7c h\u1ecdc t\u1ea1i \u0110\u1ea1i h\u1ecdc Curtin.\"\n                     srcset=\"https:\/\/www.curtin.edu.au\/study\/wp-content\/uploads\/sites\/3\/2023\/11\/INTLG-UG-innovation-forward-thinking-1100x1000-1-150x150.jpg 150w, https:\/\/www.curtin.edu.au\/study\/wp-content\/uploads\/sites\/3\/2023\/11\/INTLG-UG-innovation-forward-thinking-1100x1000-1-740x370.jpg 740w, https:\/\/www.curtin.edu.au\/study\/wp-content\/uploads\/sites\/3\/2023\/11\/INTLG-UG-innovation-forward-thinking-1100x1000-1-768x698.jpg 768w, https:\/\/www.curtin.edu.au\/study\/wp-content\/uploads\/sites\/3\/2023\/11\/INTLG-UG-innovation-forward-thinking-1100x1000-1-1000x500.jpg 1000w, https:\/\/www.curtin.edu.au\/study\/wp-content\/uploads\/sites\/3\/2023\/11\/INTLG-UG-innovation-forward-thinking-1100x1000-1.jpg 1100w, https:\/\/www.curtin.edu.au\/study\/wp-content\/uploads\/sites\/3\/2023\/11\/INTLG-UG-innovation-forward-thinking-1100x1000-1.jpg 1100w, https:\/\/www.curtin.edu.au\/study\/wp-content\/uploads\/sites\/3\/2023\/11\/INTLG-UG-innovation-forward-thinking-1100x1000-1-480x240.jpg 480w, https:\/\/www.curtin.edu.au\/study\/wp-content\/uploads\/sites\/3\/2023\/11\/INTLG-UG-innovation-forward-thinking-1100x1000-1-1100x630.jpg 1100w, https:\/\/www.curtin.edu.au\/study\/wp-content\/uploads\/sites\/3\/2023\/11\/INTLG-UG-innovation-forward-thinking-1100x1000-1-1100x760.jpg 1100w\"\n                     sizes=\"(min-width: 2560px) 2560px, (min-width: 1920px) 1920px, (min-width: 1440px) 1440px, (min-width: 1024px) 1024px, (min-width: 768px) 768px\" loading=\"lazy\">\n\n                <article class=\"article__content\">\n                                            <mimas-eyebrow>B\u1ea1n \u0111\u00e3 ho\u00e0n th\u00e0nh b\u01b0\u1edbc \u0111\u1ea7u ti\u00ean tr\u00ean con \u0111\u01b0\u1eddng h\u01b0\u1edbng t\u1edbi m\u1ed9t s\u1ef1 nghi\u1ec7p x\u1ee9ng \u0111\u00e1ng.<\/mimas-eyebrow>\n                    \n                                            <h2 class=\"h3\">C\u1ea3m \u01a1n b\u1ea1n \u0111\u00e3 \u0111\u0103ng k\u00fd quan t\u00e2m \u0111\u1ebfn vi\u1ec7c h\u1ecdc t\u1ea1i \u0110\u1ea1i h\u1ecdc Curtin.<\/h2>\n                    \n                                            <p><p>H\u00e3y ki\u1ec3m tra email c\u1ee7a b\u1ea1n &#8211; b\u1ea1n s\u1ebd nh\u1eadn \u0111\u01b0\u1ee3c email c\u00f3 li\u00ean k\u1ebft \u0111\u1ec3 t\u1ea3i xu\u1ed1ng h\u01b0\u1edbng d\u1eabn kh\u00f3a h\u1ecdc c\u1ee7a \u0110\u1ea1i h\u1ecdc Curtin.<\/p>\n<\/p>\n                    \n                                            \n                                                    <ul class=\"article__links\">\n                                                                    \n                                    <li>\n                                        <a\n    href=\"https:\/\/students.connect.curtin.edu.au\/app\/future_ask\"\n    class=\"ico-link--arrow button--deep-blue filled\"\n    target=\"_top\" aria-label=\"N\u1ebfu b\u1ea1n c\u00f3 c\u00e2u h\u1ecfi, ch\u00fang t\u00f4i s\u1eb5n s\u00e0ng gi\u1ea3i \u0111\u00e1p.\">N\u1ebfu b\u1ea1n c\u00f3 c\u00e2u h\u1ecfi, ch\u00fang t\u00f4i s\u1eb5n s\u00e0ng gi\u1ea3i \u0111\u00e1p.<\/a>                                    <\/li>\n                                                            <\/ul>\n                                                            <\/article>\n            <\/div>\n        <\/mimas-block>\n","protected":false},"excerpt":{"rendered":"","protected":false},"author":50,"featured_media":0,"parent":166612,"menu_order":2,"comment_status":"closed","ping_status":"closed","template":"","meta":{"_acf_changed":false,"_oasis_is_in_workflow":0,"_oasis_original":0,"_oasis_task_priority":"","footnotes":""},"tags":[],"class_list":["post-167559","page","type-page","status-publish","hentry"],"acf":[],"_links":{"self":[{"href":"https:\/\/www.curtin.edu.au\/study\/wp-json\/wp\/v2\/pages\/167559","targetHints":{"allow":["GET"]}}],"collection":[{"href":"https:\/\/www.curtin.edu.au\/study\/wp-json\/wp\/v2\/pages"}],"about":[{"href":"https:\/\/www.curtin.edu.au\/study\/wp-json\/wp\/v2\/types\/page"}],"author":[{"embeddable":true,"href":"https:\/\/www.curtin.edu.au\/study\/wp-json\/wp\/v2\/users\/50"}],"replies":[{"embeddable":true,"href":"https:\/\/www.curtin.edu.au\/study\/wp-json\/wp\/v2\/comments?post=167559"}],"version-history":[{"count":4,"href":"https:\/\/www.curtin.edu.au\/study\/wp-json\/wp\/v2\/pages\/167559\/revisions"}],"predecessor-version":[{"id":167563,"href":"https:\/\/www.curtin.edu.au\/study\/wp-json\/wp\/v2\/pages\/167559\/revisions\/167563"}],"up":[{"embeddable":true,"href":"https:\/\/www.curtin.edu.au\/study\/wp-json\/wp\/v2\/pages\/166612"}],"wp:attachment":[{"href":"https:\/\/www.curtin.edu.au\/study\/wp-json\/wp\/v2\/media?parent=167559"}],"wp:term":[{"taxonomy":"post_tag","embeddable":true,"href":"https:\/\/www.curtin.edu.au\/study\/wp-json\/wp\/v2\/tags?post=167559"}],"curies":[{"name":"wp","href":"https:\/\/api.w.org\/{rel}","templated":true}]}}