{"id":167550,"date":"2024-01-23T09:56:08","date_gmt":"2024-01-23T01:56:08","guid":{"rendered":"https:\/\/www.curtin.edu.au\/study\/are-you-ready-to-make-a-difference\/latam\/"},"modified":"2024-01-25T14:41:16","modified_gmt":"2024-01-25T06:41:16","slug":"es","status":"publish","type":"page","link":"https:\/\/www.curtin.edu.au\/study\/are-you-ready-to-make-a-difference\/es\/","title":{"rendered":"\u00bfEst\u00e1s preparado\/a para marcar la diferencia? La oportunidad est\u00e1 aqu\u00ed."},"content":{"rendered":"    <mimas-block \n        block-name=\"articles\"\n        role=\"complementary\"\n        aria-label=\"articles content\"\n        data-segment=\"all\"\n        data-bg=\"gray\">\n\n        \n\n                    <div class=\"article\">\n                                                                \n                <img decoding=\"async\" src=\"https:\/\/www.curtin.edu.au\/study\/wp-content\/uploads\/sites\/3\/2023\/11\/INTLG-UG-innovation-forward-thinking-1100x1000-1-150x150.jpg\"\n                     alt=\"Gracias por registrar tu inter\u00e9s en estudiar en Curtin University.\"\n                     srcset=\"https:\/\/www.curtin.edu.au\/study\/wp-content\/uploads\/sites\/3\/2023\/11\/INTLG-UG-innovation-forward-thinking-1100x1000-1-150x150.jpg 150w, https:\/\/www.curtin.edu.au\/study\/wp-content\/uploads\/sites\/3\/2023\/11\/INTLG-UG-innovation-forward-thinking-1100x1000-1-740x370.jpg 740w, https:\/\/www.curtin.edu.au\/study\/wp-content\/uploads\/sites\/3\/2023\/11\/INTLG-UG-innovation-forward-thinking-1100x1000-1-768x698.jpg 768w, https:\/\/www.curtin.edu.au\/study\/wp-content\/uploads\/sites\/3\/2023\/11\/INTLG-UG-innovation-forward-thinking-1100x1000-1-1000x500.jpg 1000w, https:\/\/www.curtin.edu.au\/study\/wp-content\/uploads\/sites\/3\/2023\/11\/INTLG-UG-innovation-forward-thinking-1100x1000-1.jpg 1100w, https:\/\/www.curtin.edu.au\/study\/wp-content\/uploads\/sites\/3\/2023\/11\/INTLG-UG-innovation-forward-thinking-1100x1000-1.jpg 1100w, https:\/\/www.curtin.edu.au\/study\/wp-content\/uploads\/sites\/3\/2023\/11\/INTLG-UG-innovation-forward-thinking-1100x1000-1-480x240.jpg 480w, https:\/\/www.curtin.edu.au\/study\/wp-content\/uploads\/sites\/3\/2023\/11\/INTLG-UG-innovation-forward-thinking-1100x1000-1-1100x630.jpg 1100w, https:\/\/www.curtin.edu.au\/study\/wp-content\/uploads\/sites\/3\/2023\/11\/INTLG-UG-innovation-forward-thinking-1100x1000-1-1100x760.jpg 1100w\"\n                     sizes=\"(min-width: 2560px) 2560px, (min-width: 1920px) 1920px, (min-width: 1440px) 1440px, (min-width: 1024px) 1024px, (min-width: 768px) 768px\" loading=\"lazy\">\n\n                <article class=\"article__content\">\n                                            <mimas-eyebrow>Has dado el primer paso hacia una carrera exitosa<\/mimas-eyebrow>\n                    \n                                            <h2 class=\"h3\">Gracias por registrar tu inter\u00e9s en estudiar en Curtin University.<\/h2>\n                    \n                                            <p><p>Recibir\u00e1s un mensaje a tu correo electr\u00f3nico con un enlace para descargar la gu\u00eda de programas de Curtin University.<\/p>\n<\/p>\n                    \n                                            \n                                                    <ul class=\"article__links\">\n                                                                    \n                                    <li>\n                                        <a\n    href=\"https:\/\/students.connect.curtin.edu.au\/app\/future_ask\"\n    class=\"ico-link--arrow button--deep-blue filled\"\n    target=\"_top\" aria-label=\"\u00bfTienes preguntas? Estamos aqu\u00ed para ayudarte.\">\u00bfTienes preguntas? Estamos aqu\u00ed para ayudarte.<\/a>                                    <\/li>\n                                                            <\/ul>\n                                                            <\/article>\n            <\/div>\n        <\/mimas-block>\n","protected":false},"excerpt":{"rendered":"","protected":false},"author":50,"featured_media":0,"parent":166612,"menu_order":1,"comment_status":"closed","ping_status":"closed","template":"","meta":{"_acf_changed":false,"_oasis_is_in_workflow":0,"_oasis_original":0,"_oasis_task_priority":"","footnotes":""},"tags":[],"class_list":["post-167550","page","type-page","status-publish","hentry"],"acf":[],"_links":{"self":[{"href":"https:\/\/www.curtin.edu.au\/study\/wp-json\/wp\/v2\/pages\/167550","targetHints":{"allow":["GET"]}}],"collection":[{"href":"https:\/\/www.curtin.edu.au\/study\/wp-json\/wp\/v2\/pages"}],"about":[{"href":"https:\/\/www.curtin.edu.au\/study\/wp-json\/wp\/v2\/types\/page"}],"author":[{"embeddable":true,"href":"https:\/\/www.curtin.edu.au\/study\/wp-json\/wp\/v2\/users\/50"}],"replies":[{"embeddable":true,"href":"https:\/\/www.curtin.edu.au\/study\/wp-json\/wp\/v2\/comments?post=167550"}],"version-history":[{"count":5,"href":"https:\/\/www.curtin.edu.au\/study\/wp-json\/wp\/v2\/pages\/167550\/revisions"}],"predecessor-version":[{"id":167558,"href":"https:\/\/www.curtin.edu.au\/study\/wp-json\/wp\/v2\/pages\/167550\/revisions\/167558"}],"up":[{"embeddable":true,"href":"https:\/\/www.curtin.edu.au\/study\/wp-json\/wp\/v2\/pages\/166612"}],"wp:attachment":[{"href":"https:\/\/www.curtin.edu.au\/study\/wp-json\/wp\/v2\/media?parent=167550"}],"wp:term":[{"taxonomy":"post_tag","embeddable":true,"href":"https:\/\/www.curtin.edu.au\/study\/wp-json\/wp\/v2\/tags?post=167550"}],"curies":[{"name":"wp","href":"https:\/\/api.w.org\/{rel}","templated":true}]}}