{"id":1939,"date":"2020-01-20T07:54:26","date_gmt":"2021-08-24T06:16:05","guid":{"rendered":"https:\/\/www.curtin.edu.au\/engage\/?page_id=1939"},"modified":"2026-04-10T11:19:12","modified_gmt":"2026-04-10T03:19:12","slug":"scholarships-funded-by-home-country","status":"publish","type":"page","link":"https:\/\/www.curtin.edu.au\/engage\/global-engagement\/sponsorship\/scholarships-funded-by-home-country\/","title":{"rendered":"Scholarships funded by home country"},"content":{"rendered":"\n<figure class=\"wp-block-image size-large\"><img decoding=\"async\" src=\"https:\/\/www.curtin.edu.au\/engage\/wp-content\/uploads\/sites\/6\/2021\/08\/DSC_3701_undergrad-2-aspect-ratio-2-1-2-1-1000x500.jpg\" alt=\"DSC_3701_undergrad-2-aspect-ratio-2-1-2\" class=\"wp-image-1983\" \/><\/figure>\n\n\n<mimas-block \n        block-name=\"styled-heading\"\n        data-variant=\"default\"\n        role=\"complementary\"\n        aria-labelledby=\"\"\n        data-segment=\"all\">\n\n        \n<div class=\"block-heading\"\n     data-segment=\"dom\"\n     data-style=\"\"\n     data-align=\"default\"\n>\n\n                        \n                        \n                                <div class=\"block-heading__content\"><p>Browse the below information to see if your home country offers any scholarships or to find out if Curtin has a special agreement in place with your sponsor.<\/p>\n<p>For more information about scholarships funded by Latin American countries, please contact <a href=\"mailto:james.guzman@curtin.edu.au\">James Guzman<\/a>, the in-country representative for Curtin (based in Colombia).<\/p>\n<p>For more information about scholarships funded by the Indonesian Government, please contact <a href=\"mailto:patricia.kelly@curtin.edu.au\">Ms Patricia Kelly<\/a>, the in-country representative for Curtin (based in Jakarta).<\/p>\n<\/div>\n            \n            \n                <\/div>\n\n<\/mimas-block>\n\n<mimas-block \n        block-name=\"accordion\"\n        role=\"complementary\"\n        aria-label=\"Accordion content\"\n        data-segment=\"all\">\n\n                \n\n                    <div class=\"accordion\" aria-labelledby=\"accordion-title-Chile\">\n            <button type=\"button\" class=\"accordion__heading\" aria-controls=\"Chile\" aria-expanded=\"false\">\n            <div class=\"title\" id=\"accordion-title-Chile\">Chile<\/div>\n            <div class=\"icon\"><\/div>\n        <\/button>\n        <div class=\"accordion__content\" id=\"Chile\" aria-hidden=\"true\">\n                    <p><span style=\"font-size: 14pt\"><strong>Becas Chile<\/strong><\/span><\/p>\n<p><span style=\"font-size: 12pt\">Scholarships for research programs and English teaching.<\/span><\/p>\n<p><span style=\"font-size: 12pt\"><a href=\"http:\/\/www.conicyt.cl\/becas-conicyt\/postulantes\/donde-estudiar\/destinos\/\" target=\"_blank\" rel=\"noopener noreferrer\">Find out more about the\u00a0CONICYT scholarships<\/a><\/span><\/p>\n<p><span style=\"font-size: 12pt\">For more information about scholarships funded by Latin American countries, <a href=\"mailto:issu@curtin.edu.au\">please contact the International Sponsored Student Unit<\/a><\/span><\/p>\n\n        \n                            \n                    <\/div>\n<\/div>\n                    <div class=\"accordion\" aria-labelledby=\"accordion-title-Colombia\">\n            <button type=\"button\" class=\"accordion__heading\" aria-controls=\"Colombia\" aria-expanded=\"false\">\n            <div class=\"title\" id=\"accordion-title-Colombia\">Colombia<\/div>\n            <div class=\"icon\"><\/div>\n        <\/button>\n        <div class=\"accordion__content\" id=\"Colombia\" aria-hidden=\"true\">\n                    <p><strong>COLFUTURO<\/strong><\/p>\n<p><span style=\"font-size: 12pt\">Scholarships and student loans for masters and research programs\u00a0across a range of disciplines.Curtin University has\u00a0an agreement with COLFUTURO that provides a 25% tuition fee reduction for scholarship holders.<\/span><\/p>\n<p><span style=\"font-size: 12pt\"><a href=\"https:\/\/www.colfuturo.org\/\" target=\"_blank\" rel=\"noopener noreferrer\">More information on the COLFUTURO scholarships<\/a><\/span><\/p>\n<p><strong>COLCIENCIAS<\/strong><\/p>\n<p><span style=\"font-size: 12pt\">Scholarships available for research programs in a range of disciplines. Universities Australia have an agreement with COLCIENCIAS\u00a0that includes Curtin University. Curtin University provides a 30% tuition fee reduction for scholarship holders.<\/span><\/p>\n<p><span style=\"font-size: 12pt\"><a href=\"http:\/\/www.colciencias.gov.co\/home\" target=\"_blank\" rel=\"noopener noreferrer\">Find out more about the COLCIENCIAS scholarships<\/a><\/span><\/p>\n<p><strong>ICETEX<\/strong><\/p>\n<p><span style=\"font-size: 12pt\">Scholarships and student loans available for masters and research programs across a range of disciplines. Curtin has an agreement with ICETEX that provides a 25% tuition fee reduction for loan students and 1 full PhD scholarship which is available annually.<\/span><\/p>\n<p><span style=\"font-size: 12pt\"><a href=\"https:\/\/portal.icetex.gov.co\/portal\">Find out more about the ICETEX loans and scholarships<\/a><\/span><\/p>\n<p><span style=\"font-size: 12pt\">For more information about scholarships funded by Latin American countries, <a href=\"mailto:issu@curtin.edu.au\">please contact the International Sponsored Student Unit<\/a><\/span><\/p>\n\n        \n                            \n                    <\/div>\n<\/div>\n                    <div class=\"accordion\" aria-labelledby=\"accordion-title-Costa-Rica\">\n            <button type=\"button\" class=\"accordion__heading\" aria-controls=\"Costa-Rica\" aria-expanded=\"false\">\n            <div class=\"title\" id=\"accordion-title-Costa-Rica\">Costa Rica<\/div>\n            <div class=\"icon\"><\/div>\n        <\/button>\n        <div class=\"accordion__content\" id=\"Costa-Rica\" aria-hidden=\"true\">\n                    <p><strong>CONAPE<\/strong><br \/>\n<span style=\"font-size: 12pt\">Curtin University has an agreement in place with CONAPE in Costa Rica. Curtin will provide a 15% tuition fee reduction for CONAPE scholarship holders, who will be studying undergraduate programs (Bachelors) and postgraduate programs (Graduate Diploma and Masters).<\/span><\/p>\n<p><span style=\"font-size: 12pt\">For more information about studying at Curtin under the CONAPE agreement, <a href=\"mailto:james.guzman@curtin.edu.au\">please contact James Guzman<\/a><\/span><\/p>\n<p><span style=\"font-size: 12pt\"><a href=\"https:\/\/www.conape.go.cr\/portfolio-item\/curtin-university\/\">Find out more about the CONAPE scholarships <\/a><\/span><\/p>\n\n        \n                            \n                    <\/div>\n<\/div>\n                    <div class=\"accordion\" aria-labelledby=\"accordion-title-Guatemala\">\n            <button type=\"button\" class=\"accordion__heading\" aria-controls=\"Guatemala\" aria-expanded=\"false\">\n            <div class=\"title\" id=\"accordion-title-Guatemala\">Guatemala<\/div>\n            <div class=\"icon\"><\/div>\n        <\/button>\n        <div class=\"accordion__content\" id=\"Guatemala\" aria-hidden=\"true\">\n                    <p><strong>FUNDACION GUATEFUTURO<\/strong><br \/>\n<span style=\"font-size: 12pt\">Curtin will provide a 25% tuition fee reduction for Guatemalan citizens who are granted a FUNDACION GUATEFUTURO education scholarship loan to study a Masters or Higher Degree by Research program at Curtin University. The 25% tuition fee reduction is for the period of the standard course duration.<\/span><\/p>\n<p><strong><span style=\"font-size: 12pt;color: #000000\"><a style=\"color: #000000\" href=\"https:\/\/guatefuturo.org\/\">Find out more about Fundaci\u00f3n Guatefuturo<\/a><\/span><\/strong><\/p>\n<p><span style=\"font-size: 12pt\">To learn how to obtain the tuition fee reduction at Curtin University, <a href=\"mailto:james.guzman@curtin.edu.au\">please contact James Guzman<\/a>.<\/span><\/p>\n\n        \n                            \n                    <\/div>\n<\/div>\n                    <div class=\"accordion\" aria-labelledby=\"accordion-title-Indonesia\">\n            <button type=\"button\" class=\"accordion__heading\" aria-controls=\"Indonesia\" aria-expanded=\"false\">\n            <div class=\"title\" id=\"accordion-title-Indonesia\">Indonesia<\/div>\n            <div class=\"icon\"><\/div>\n        <\/button>\n        <div class=\"accordion__content\" id=\"Indonesia\" aria-hidden=\"true\">\n                    <p><span style=\"font-size: 12pt\">These scholarships are for postgraduate programs in a range of disciplines:<\/span><\/p>\n<p><strong><span style=\"font-size: 12pt\">LPDP \u2013 Indonesia Endowment Fund for Education<\/span><\/strong><\/p>\n<p><span style=\"font-size: 12pt\">Curtin University&#8217;s agreement with the Indonesian Endowment Fund for Education (LPDP) expired in 2020. However, Curtin is continuing to honour a tuition fee discount to all students managed under LPDP, who choose Curtin to study Masters or PhD.<\/span><\/p>\n<p><span style=\"font-size: 12pt\">Find out more about the <a href=\"https:\/\/lpdp.kemenkeu.go.id\/en\" target=\"_blank\">LPDP scholarships<\/a><\/span><\/p>\n<p><span style=\"font-size: 12pt\">For more information about the scholarships above, please contact <a href=\"mailto:Patricia.Kelly@curtin.edu.au\">Patricia Kelly<\/a>.<\/span><\/p>\n\n        \n                            \n                    <\/div>\n<\/div>\n                    <div class=\"accordion\" aria-labelledby=\"accordion-title-Mexico\">\n            <button type=\"button\" class=\"accordion__heading\" aria-controls=\"Mexico\" aria-expanded=\"false\">\n            <div class=\"title\" id=\"accordion-title-Mexico\">Mexico<\/div>\n            <div class=\"icon\"><\/div>\n        <\/button>\n        <div class=\"accordion__content\" id=\"Mexico\" aria-hidden=\"true\">\n                    <p><strong>CONACYT and CONACYT-FUNED and CONACYT-FONCA<\/strong><\/p>\n<p><span style=\"font-size: 12pt\">Curtin University has an agreement with CONACYT and CONACYT-FUNED that provides a 25% tuition fee reduction for masters and research programs in all study areas.<\/span><\/p>\n<p><span style=\"font-size: 12pt\">For more information about scholarships funded by Latin American countries, <a href=\"mailto:issu@curtin.edu.au\">please contact the International Sponsored Student Unit<\/a><\/span><\/p>\n<p><span style=\"font-size: 12pt\">The agreement also provides funding for short fellowship visits to foster joint research between Curtin and Mexican universities.<\/span><\/p>\n<p><span style=\"font-size: 12pt\"><a href=\"http:\/\/www.conacyt.mx\/index.php\/convocatorias-becas-extranjeros\/convocatorias-becas-al-extranjero-1\">Find out more about the CONACYT scholarships<\/a><\/span><\/p>\n<p><strong>FIDERH<\/strong><\/p>\n<p><span style=\"font-size: 12pt\">Curtin University has an agreement with Banco de M\u00e9xico-FIDERH that provides 25% tuition fee reduction for students enrolling in Masters and PhD programs under the faculty of Science and Engineering and 15% tuition fee reduction for programs under the other faculties.<\/span><\/p>\n<p><span style=\"font-size: 12pt\">FIDERH offer a Graduate Loan Tuition Fee Support Program to eligible students.<\/span><\/p>\n<p><span style=\"font-size: 12pt\"><a href=\"https:\/\/www.fiderh.org.mx\/\">Find out more about the FIDERH scholarships<\/a><\/span><\/p>\n<p><strong>FUNED<\/strong><\/p>\n<p><span style=\"font-size: 12pt\">Curtin University has an agreement with FUNED that provides 25% tuition fee reduction for students enrolling in Masters or PHD program.<\/span><br \/>\n<span style=\"font-size: 12pt\">FUNED offer scholarships and student loans for postgraduate and research programs across a range of disciplines. <\/span><\/p>\n<p><span style=\"font-size: 12pt\"><a href=\"https:\/\/www.funedmx.org\/\">Find out more about the FUNED scholarships<\/a><\/span><\/p>\n\n        \n                            \n                    <\/div>\n<\/div>\n                    <div class=\"accordion\" aria-labelledby=\"accordion-title-Norway\">\n            <button type=\"button\" class=\"accordion__heading\" aria-controls=\"Norway\" aria-expanded=\"false\">\n            <div class=\"title\" id=\"accordion-title-Norway\">Norway<\/div>\n            <div class=\"icon\"><\/div>\n        <\/button>\n        <div class=\"accordion__content\" id=\"Norway\" aria-hidden=\"true\">\n                    <p><strong>Lanekassen<\/strong><\/p>\n<p><span style=\"font-size: 12pt\">Student loans for study abroad, undergraduate and postgraduate programs in any area.<\/span><\/p>\n<p><span style=\"font-size: 12pt\"><a href=\"http:\/\/www.lanekassen.no\/\" target=\"_blank\" rel=\"noopener noreferrer\">Find out more about the Lanekassen scholarships<\/a><\/span><\/p>\n<p><span style=\"font-size: 12pt\">Please note that Curtin University has no\u00a0formal agreement with Lanekassen.<\/span><\/p>\n\n        \n                            \n                    <\/div>\n<\/div>\n                    <div class=\"accordion\" aria-labelledby=\"accordion-title-Panama\">\n            <button type=\"button\" class=\"accordion__heading\" aria-controls=\"Panama\" aria-expanded=\"false\">\n            <div class=\"title\" id=\"accordion-title-Panama\">Panama<\/div>\n            <div class=\"icon\"><\/div>\n        <\/button>\n        <div class=\"accordion__content\" id=\"Panama\" aria-hidden=\"true\">\n                    <p><span style=\"font-size: 12pt\">Becas y Credito Educativo<\/span><\/p>\n<p><span style=\"font-size: 12pt\">IFARHU offers loans to eligible students.<\/span><\/p>\n<p><span style=\"font-size: 12pt\"><a href=\"https:\/\/www.ifarhu.gob.pa\/becas\/programas-de-becas\/programas-que-ofrece-el-ifarhu\/\">Find out more about IFARHU loans<\/a><\/span><\/p>\n<p><strong>SENACYT \u2013 Secretar\u00eda Nacional de Ciencia, Tecnolog\u00eda e Innovaci\u00f3n<\/strong><\/p>\n<p><a href=\"http:\/\/www.senacyt.gob.pa\/convocatorias\/abierta\/\"><span style=\"font-size: 12pt\">Find out more about SENACYT here<\/span><\/a><\/p>\n<p><span style=\"font-size: 12pt\">For more information about scholarships funded by Latin American countries, <a href=\"mailto:issu@curtin.edu.au\">please contact the International Sponsored Student Unit<\/a><\/span><\/p>\n\n        \n                            \n                    <\/div>\n<\/div>\n                    <div class=\"accordion\" aria-labelledby=\"accordion-title-Paraguay\">\n            <button type=\"button\" class=\"accordion__heading\" aria-controls=\"Paraguay\" aria-expanded=\"false\">\n            <div class=\"title\" id=\"accordion-title-Paraguay\">Paraguay<\/div>\n            <div class=\"icon\"><\/div>\n        <\/button>\n        <div class=\"accordion__content\" id=\"Paraguay\" aria-hidden=\"true\">\n                    <p><strong>CONACYT<\/strong><\/p>\n<p><span style=\"font-size: 12pt\"><a href=\"http:\/\/www.conacyt.gov.py\/becasenelexterior\">Find out more about the CONACYT scholarships<\/a><\/span><\/p>\n<p><span style=\"font-size: 12pt\">For more information about scholarships funded by Latin American countries, <a href=\"mailto:issu@curtin.edu.au\">please contact the International Sponsored Student Unit<\/a><\/span><\/p>\n\n        \n                            \n                    <\/div>\n<\/div>\n                    <div class=\"accordion\" aria-labelledby=\"accordion-title-Peru\">\n            <button type=\"button\" class=\"accordion__heading\" aria-controls=\"Peru\" aria-expanded=\"false\">\n            <div class=\"title\" id=\"accordion-title-Peru\">Peru<\/div>\n            <div class=\"icon\"><\/div>\n        <\/button>\n        <div class=\"accordion__content\" id=\"Peru\" aria-hidden=\"true\">\n                    <p><strong>PRONABEC<\/strong><\/p>\n<p><span style=\"font-size: 12pt\">Curtin will provide a 25% tuition fee reduction for Peruvian citizens who are granted a PRONABEC scholarship to study a Masters or Higher Degree by Research program at Curtin University under the Curtin Faculties of Science &amp; Engineering, Health Sciences, Business &amp; Law &amp; Humanities. The 25% tuition fee reduction is for the period of the standard course duration.<\/span><\/p>\n<p><span style=\"font-size: 12pt\">Tuition Fee Reduction:<\/span><br \/>\n<span style=\"font-size: 12pt\">Conditions apply. To find out more about obtaining the tuition fee reduction at Curtin University, please contact <a href=\"mailto:james.guzman@curtin.edu.au\">please contact James Guzman.<\/a><\/span><\/p>\n<p><span style=\"font-size: 12pt\"><a href=\"https:\/\/aus01.safelinks.protection.outlook.com\/?url=https%3A%2F%2Fwww.gob.pe%2Fpronabec&amp;data=05%7C02%7Cj.m.craig%40curtin.edu.au%7Ccc017628054149a9350608dc208bb260%7C5a740cd757684d09ae13f706b09fa22c%7C0%7C0%7C638421031561307025%7CUnknown%7CTWFpbGZsb3d8eyJWIjoiMC4wLjAwMDAiLCJQIjoiV2luMzIiLCJBTiI6Ik1haWwiLCJXVCI6Mn0%3D%7C0%7C%7C%7C&amp;sdata=GP8Ph%2BLaVRxLgzh9ZYjKAE7GO85bR40JQAQBa%2F6EXvw%3D&amp;reserved=0\">Find out more about the\u00a0PRONABEC\u00a0scholarships<\/a><\/span><\/p>\n<p><strong>BCP, Peru<\/strong><\/p>\n<p><span style=\"font-size: 12pt\">Curtin will provide a 25% tuition fee reduction for Peruvian citizens who are granted a BCP Bank education study loan (either a full loan OR partial loan), who accept an offer to study a MASTERS degree at Curtin University under the Faculties of: Science &amp; Engineering, Health Sciences, Business &amp; Law and Humanities.The duration of the tuition fee reduction will be for the length of the Masters degree (ie: the duration as outlined on the Curtin Letter of Offer).<\/span><\/p>\n<p><span style=\"font-size: 12pt\">For more information about scholarships funded by Latin American countries,\u00a0<a href=\"mailto:issu@curtin.edu.au\">please contact the International Sponsored Student Unit<\/a><\/span><\/p>\n\n        \n                            \n                    <\/div>\n<\/div>\n                    <div class=\"accordion\" aria-labelledby=\"accordion-title-Sweden\">\n            <button type=\"button\" class=\"accordion__heading\" aria-controls=\"Sweden\" aria-expanded=\"false\">\n            <div class=\"title\" id=\"accordion-title-Sweden\">Sweden<\/div>\n            <div class=\"icon\"><\/div>\n        <\/button>\n        <div class=\"accordion__content\" id=\"Sweden\" aria-hidden=\"true\">\n                    <p><strong>CSN<\/strong><\/p>\n<p><span style=\"font-size: 12pt\">Student loans for study abroad, undergraduate and postgraduate programs in any area.<\/span><\/p>\n<p><span style=\"font-size: 12pt\"><a href=\"http:\/\/www.csn.se\/\" target=\"_blank\" rel=\"noopener noreferrer\">Find out more about the\u00a0CSN scholarships<\/a><\/span><\/p>\n<p><span style=\"font-size: 12pt\">Please note that Curtin University has no\u00a0formal agreement with CSN.<\/span><\/p>\n\n        \n                            \n                    <\/div>\n<\/div>\n                    <div class=\"accordion\" aria-labelledby=\"accordion-title-Turkey\">\n            <button type=\"button\" class=\"accordion__heading\" aria-controls=\"Turkey\" aria-expanded=\"false\">\n            <div class=\"title\" id=\"accordion-title-Turkey\">Turkey<\/div>\n            <div class=\"icon\"><\/div>\n        <\/button>\n        <div class=\"accordion__content\" id=\"Turkey\" aria-hidden=\"true\">\n                    <p><span style=\"font-size: 12pt\">Curtin will provide a 25% tuition fee reduction for Turkish citizens who are granted a Turkish Government education scholarship OR a Turkish Government Education Loan (managed under the Turkish Consulate in Sydney) &gt; for the study level of Masters, Graduate Certificate or Graduate Diploma programs under the Curtin Faculty of Science &amp; Engineering (only). The 25% tuition fee reduction is for the period of the standard course duration.<\/span><\/p>\n<p><span style=\"font-size: 12pt\">To find out more about obtaining the tuition fee reduction at Curtin University, <a href=\"mailto:issu@curtin.edu.au\">please contact the International Sponsored Student Unit<\/a>.<\/span><\/p>\n\n        \n                            \n                    <\/div>\n<\/div>\n                    <div class=\"accordion\" aria-labelledby=\"accordion-title-Vietnam\">\n            <button type=\"button\" class=\"accordion__heading\" aria-controls=\"Vietnam\" aria-expanded=\"false\">\n            <div class=\"title\" id=\"accordion-title-Vietnam\">Vietnam<\/div>\n            <div class=\"icon\"><\/div>\n        <\/button>\n        <div class=\"accordion__content\" id=\"Vietnam\" aria-hidden=\"true\">\n                    <p><strong>VIETNAM PROJECT 89:<\/strong><\/p>\n<div>\n<p><span style=\"font-size: 12pt\">Project 89 is a Vietnam Government training scheme under Ministry of Education &amp; Training (MoET) in Vietnam, through its Vietnam International Education Development (VIED) office and was launched in January 2019. Project 89 will be operational until 2030 with the purpose of enhancing competencies of lecturers and administrators of Higher Education institutions.<\/span><\/p>\n<p><span style=\"font-size: 12pt\">Project 89 PhD scholarship entitlements for study outside of Vietnam:<\/span><\/p>\n<p><span style=\"font-size: 12pt\">&#8211; Tuition = USD $25,000 per year for 4 years<\/span><br \/>\n<span style=\"font-size: 12pt\">&#8211; Stipend = USD $1,120 per month for 4 years (approx. AUD 1,570 per month)<\/span><br \/>\n<span style=\"font-size: 12pt\">&#8211; Health insurance = max USD $1,000 per annum (for 4 years) \u2013 for SINGLE cover<\/span><br \/>\n<span style=\"font-size: 12pt\">&#8211; One return ticket<\/span><br \/>\n<span style=\"font-size: 12pt\">&#8211; Visa costs<\/span><\/p>\n<\/div>\n<div><\/div>\n<div><span style=\"font-size: 12pt\">Vietnam Project 89 PhD candidates: <a href=\"https:\/\/scholarships.curtin.edu.au\/Scholarship\/?id=6612\">Find out more about how to apply for a Curtin Top Up Scholarship.<\/a><\/span><\/div>\n\n        \n                            \n                    <\/div>\n<\/div>\n        \n<\/mimas-block>","protected":false},"excerpt":{"rendered":"","protected":false},"author":91,"featured_media":0,"parent":1937,"menu_order":0,"comment_status":"closed","ping_status":"closed","template":"","meta":{"_acf_changed":false,"_oasis_is_in_workflow":0,"_oasis_original":0,"_oasis_task_priority":"","footnotes":""},"tags":[],"class_list":["post-1939","page","type-page","status-publish","hentry"],"acf":[],"_links":{"self":[{"href":"https:\/\/www.curtin.edu.au\/engage\/wp-json\/wp\/v2\/pages\/1939","targetHints":{"allow":["GET"]}}],"collection":[{"href":"https:\/\/www.curtin.edu.au\/engage\/wp-json\/wp\/v2\/pages"}],"about":[{"href":"https:\/\/www.curtin.edu.au\/engage\/wp-json\/wp\/v2\/types\/page"}],"author":[{"embeddable":true,"href":"https:\/\/www.curtin.edu.au\/engage\/wp-json\/wp\/v2\/users\/91"}],"replies":[{"embeddable":true,"href":"https:\/\/www.curtin.edu.au\/engage\/wp-json\/wp\/v2\/comments?post=1939"}],"version-history":[{"count":5,"href":"https:\/\/www.curtin.edu.au\/engage\/wp-json\/wp\/v2\/pages\/1939\/revisions"}],"predecessor-version":[{"id":19984,"href":"https:\/\/www.curtin.edu.au\/engage\/wp-json\/wp\/v2\/pages\/1939\/revisions\/19984"}],"up":[{"embeddable":true,"href":"https:\/\/www.curtin.edu.au\/engage\/wp-json\/wp\/v2\/pages\/1937"}],"wp:attachment":[{"href":"https:\/\/www.curtin.edu.au\/engage\/wp-json\/wp\/v2\/media?parent=1939"}],"wp:term":[{"taxonomy":"post_tag","embeddable":true,"href":"https:\/\/www.curtin.edu.au\/engage\/wp-json\/wp\/v2\/tags?post=1939"}],"curies":[{"name":"wp","href":"https:\/\/api.w.org\/{rel}","templated":true}]}}